{"id":59925,"date":"2020-01-08T10:27:44","date_gmt":"2020-01-08T09:27:44","guid":{"rendered":"http:\/\/www.azalea.it\/?page_id=59925"},"modified":"2020-09-15T09:27:38","modified_gmt":"2020-09-15T07:27:38","slug":"wer-wie-sind","status":"publish","type":"page","link":"https:\/\/www.azalea.it\/?page_id=59925&lang=de","title":{"rendered":"\u00dcber uns"},"content":{"rendered":"<p>Seit 1997 organisieren wir Konzerte und gro\u00dfe Veranstaltungen im <strong>Nordosten Italiens<\/strong> und k\u00fcmmern uns um Vorstellung, Planung, Management und Kommunikation von jedem einzigen Event.<\/p>\n<p>Unseres <strong>Kerngesch\u00e4ft<\/strong> ist die Organisation von Konzerten, ohne kulturelle Theater-, Sport- und gastronomische Veranstaltungen auszuschlie\u00dfen.<\/p>\n<p>In den letzten Jahren haben wir eine wichtige Rolle im Live Sektor genommen, und jetzt sind wir unter den gr\u00f6\u00dferen italienischen Realit\u00e4ten einbezogen. Was das wir immer versuchen, ist die enge Bindung zwischen <strong>Musik<\/strong> und <strong>Tourismus<\/strong> zu vermitteln, bef\u00f6rdern und zu versichern, dank der konstanten Verst\u00e4rkung unseres Gebiets und dem Ziel, das \u00fcber nationale Grenzen bekanntzumachen.<\/p>\n<p>In Friaul Julisch Venetien und in Veneto haben wir die Konzerte von den bekanntesten internationalen und italienischen Musikern organisiert: Sting, Carlos Santana, Brian May, Steven Tyler, <strong>Iron Maiden<\/strong>, John Fogerty, Spandau Ballet, Simple Minds, <strong>Metallica<\/strong>, David Byrne, <strong>Anastacia<\/strong>, Rem, Patti Smith, Dream Theater, zum Beispiel.<\/p>\n","protected":false},"excerpt":{"rendered":"<p>Seit 1997 organisieren wir Konzerte und gro\u00dfe Veranstaltungen im Nordosten Italiens und k\u00fcmmern uns um Vorstellung, Planung, Management und Kommunikation von jedem einzigen Event. Unseres Kerngesch\u00e4ft ist die Organisation von Konzerten, ohne kulturelle Theater-, Sport- und gastronomische Veranstaltungen auszuschlie\u00dfen. In den letzten Jahren haben wir eine wichtige Rolle im Live Sektor genommen, und jetzt sind [&hellip;]<\/p>\n","protected":false},"author":1,"featured_media":0,"parent":0,"menu_order":0,"comment_status":"closed","ping_status":"closed","template":"templates\/template-azienda.php","meta":[],"yoast_head":"<!-- This site is optimized with the Yoast SEO plugin v16.8 - https:\/\/yoast.com\/wordpress\/plugins\/seo\/ -->\n<title>\u00dcber uns - Azalea.it<\/title>\n<meta name=\"description\" content=\"Seit 1997 organisieren wir Konzerte und gro\u00dfe Veranstaltungen im Nordosten Italiens, indem Azalea.it die ber\u00fchmtesten Musiker der italienischen und internationalen Musik zu bringt.\" \/>\n<meta name=\"robots\" content=\"index, follow, max-snippet:-1, max-image-preview:large, max-video-preview:-1\" \/>\n<link rel=\"canonical\" href=\"https:\/\/www.azalea.it\/?page_id=59925\" \/>\n<meta property=\"og:locale\" content=\"it_IT\" \/>\n<meta property=\"og:type\" content=\"article\" \/>\n<meta property=\"og:title\" content=\"\u00dcber uns - Azalea.it\" \/>\n<meta property=\"og:description\" content=\"Seit 1997 organisieren wir Konzerte und gro\u00dfe Veranstaltungen im Nordosten Italiens, indem Azalea.it die ber\u00fchmtesten Musiker der italienischen und internationalen Musik zu bringt.\" \/>\n<meta property=\"og:url\" content=\"https:\/\/www.azalea.it\/?page_id=59925\" \/>\n<meta property=\"og:site_name\" content=\"Azalea.it\" \/>\n<meta property=\"article:publisher\" content=\"https:\/\/www.facebook.com\/Azalea.it\/\" \/>\n<meta property=\"article:modified_time\" content=\"2020-09-15T07:27:38+00:00\" \/>\n<meta property=\"og:image\" content=\"https:\/\/www.azalea.it\/wp-content\/uploads\/2019\/11\/Azalea_logo_pos.png\" \/>\n\t<meta property=\"og:image:width\" content=\"852\" \/>\n\t<meta property=\"og:image:height\" content=\"285\" \/>\n<meta name=\"twitter:card\" content=\"summary\" \/>\n<meta name=\"twitter:site\" content=\"@Azalea_live\" \/>\n<meta name=\"twitter:label1\" content=\"Tempo di lettura stimato\" \/>\n\t<meta name=\"twitter:data1\" content=\"1 minuto\" \/>\n<script type=\"application\/ld+json\" class=\"yoast-schema-graph\">{\"@context\":\"https:\/\/schema.org\",\"@graph\":[{\"@type\":\"WebSite\",\"@id\":\"https:\/\/www.azalea.it\/#website\",\"url\":\"https:\/\/www.azalea.it\/\",\"name\":\"Azalea.it\",\"description\":\"Eventi e concerti\",\"potentialAction\":[{\"@type\":\"SearchAction\",\"target\":{\"@type\":\"EntryPoint\",\"urlTemplate\":\"https:\/\/www.azalea.it\/?s={search_term_string}\"},\"query-input\":\"required name=search_term_string\"}],\"inLanguage\":\"it-IT\"},{\"@type\":\"WebPage\",\"@id\":\"https:\/\/www.azalea.it\/?page_id=59925#webpage\",\"url\":\"https:\/\/www.azalea.it\/?page_id=59925\",\"name\":\"\\u00dcber uns - Azalea.it\",\"isPartOf\":{\"@id\":\"https:\/\/www.azalea.it\/#website\"},\"datePublished\":\"2020-01-08T09:27:44+00:00\",\"dateModified\":\"2020-09-15T07:27:38+00:00\",\"description\":\"Seit 1997 organisieren wir Konzerte und gro\\u00dfe Veranstaltungen im Nordosten Italiens, indem Azalea.it die ber\\u00fchmtesten Musiker der italienischen und internationalen Musik zu bringt.\",\"breadcrumb\":{\"@id\":\"https:\/\/www.azalea.it\/?page_id=59925#breadcrumb\"},\"inLanguage\":\"it-IT\",\"potentialAction\":[{\"@type\":\"ReadAction\",\"target\":[\"https:\/\/www.azalea.it\/?page_id=59925\"]}]},{\"@type\":\"BreadcrumbList\",\"@id\":\"https:\/\/www.azalea.it\/?page_id=59925#breadcrumb\",\"itemListElement\":[{\"@type\":\"ListItem\",\"position\":1,\"name\":\"Home\",\"item\":\"https:\/\/www.azalea.it\/\"},{\"@type\":\"ListItem\",\"position\":2,\"name\":\"\\u00dcber uns\"}]}]}<\/script>\n<!-- \/ Yoast SEO plugin. -->","yoast_head_json":{"title":"\u00dcber uns - Azalea.it","description":"Seit 1997 organisieren wir Konzerte und gro\u00dfe Veranstaltungen im Nordosten Italiens, indem Azalea.it die ber\u00fchmtesten Musiker der italienischen und internationalen Musik zu bringt.","robots":{"index":"index","follow":"follow","max-snippet":"max-snippet:-1","max-image-preview":"max-image-preview:large","max-video-preview":"max-video-preview:-1"},"canonical":"https:\/\/www.azalea.it\/?page_id=59925","og_locale":"it_IT","og_type":"article","og_title":"\u00dcber uns - Azalea.it","og_description":"Seit 1997 organisieren wir Konzerte und gro\u00dfe Veranstaltungen im Nordosten Italiens, indem Azalea.it die ber\u00fchmtesten Musiker der italienischen und internationalen Musik zu bringt.","og_url":"https:\/\/www.azalea.it\/?page_id=59925","og_site_name":"Azalea.it","article_publisher":"https:\/\/www.facebook.com\/Azalea.it\/","article_modified_time":"2020-09-15T07:27:38+00:00","og_image":[{"width":852,"height":285,"url":"https:\/\/www.azalea.it\/wp-content\/uploads\/2019\/11\/Azalea_logo_pos.png","path":"\/home\/azaleasite\/public_html\/wp-content\/uploads\/2019\/11\/Azalea_logo_pos.png","size":"full","id":59634,"alt":"azalea","pixels":242820,"type":"image\/png"}],"twitter_card":"summary","twitter_site":"@Azalea_live","twitter_misc":{"Tempo di lettura stimato":"1 minuto"},"schema":{"@context":"https:\/\/schema.org","@graph":[{"@type":"WebSite","@id":"https:\/\/www.azalea.it\/#website","url":"https:\/\/www.azalea.it\/","name":"Azalea.it","description":"Eventi e concerti","potentialAction":[{"@type":"SearchAction","target":{"@type":"EntryPoint","urlTemplate":"https:\/\/www.azalea.it\/?s={search_term_string}"},"query-input":"required name=search_term_string"}],"inLanguage":"it-IT"},{"@type":"WebPage","@id":"https:\/\/www.azalea.it\/?page_id=59925#webpage","url":"https:\/\/www.azalea.it\/?page_id=59925","name":"\u00dcber uns - Azalea.it","isPartOf":{"@id":"https:\/\/www.azalea.it\/#website"},"datePublished":"2020-01-08T09:27:44+00:00","dateModified":"2020-09-15T07:27:38+00:00","description":"Seit 1997 organisieren wir Konzerte und gro\u00dfe Veranstaltungen im Nordosten Italiens, indem Azalea.it die ber\u00fchmtesten Musiker der italienischen und internationalen Musik zu bringt.","breadcrumb":{"@id":"https:\/\/www.azalea.it\/?page_id=59925#breadcrumb"},"inLanguage":"it-IT","potentialAction":[{"@type":"ReadAction","target":["https:\/\/www.azalea.it\/?page_id=59925"]}]},{"@type":"BreadcrumbList","@id":"https:\/\/www.azalea.it\/?page_id=59925#breadcrumb","itemListElement":[{"@type":"ListItem","position":1,"name":"Home","item":"https:\/\/www.azalea.it\/"},{"@type":"ListItem","position":2,"name":"\u00dcber uns"}]}]}},"_links":{"self":[{"href":"https:\/\/www.azalea.it\/index.php?rest_route=\/wp\/v2\/pages\/59925"}],"collection":[{"href":"https:\/\/www.azalea.it\/index.php?rest_route=\/wp\/v2\/pages"}],"about":[{"href":"https:\/\/www.azalea.it\/index.php?rest_route=\/wp\/v2\/types\/page"}],"author":[{"embeddable":true,"href":"https:\/\/www.azalea.it\/index.php?rest_route=\/wp\/v2\/users\/1"}],"replies":[{"embeddable":true,"href":"https:\/\/www.azalea.it\/index.php?rest_route=%2Fwp%2Fv2%2Fcomments&post=59925"}],"version-history":[{"count":3,"href":"https:\/\/www.azalea.it\/index.php?rest_route=\/wp\/v2\/pages\/59925\/revisions"}],"predecessor-version":[{"id":86563,"href":"https:\/\/www.azalea.it\/index.php?rest_route=\/wp\/v2\/pages\/59925\/revisions\/86563"}],"wp:attachment":[{"href":"https:\/\/www.azalea.it\/index.php?rest_route=%2Fwp%2Fv2%2Fmedia&parent=59925"}],"curies":[{"name":"wp","href":"https:\/\/api.w.org\/{rel}","templated":true}]}}